{"id":5949,"date":"2025-05-20T13:36:00","date_gmt":"2025-05-20T13:36:00","guid":{"rendered":"https:\/\/lachoppy.com\/?post_type=product&#038;p=5949"},"modified":"2025-08-10T21:19:14","modified_gmt":"2025-08-10T21:19:14","slug":"link-bits-hd001-antena-exterior-aerea-hdtv-de-largo-alcance-alcance-amplificado-12-elementos-alta-definicion-facil-de-instalar","status":"publish","type":"product","link":"https:\/\/lachoppy.com\/en\/product\/link-bits-hd001-antena-exterior-aerea-hdtv-de-largo-alcance-alcance-amplificado-12-elementos-alta-definicion-facil-de-instalar\/","title":{"rendered":"Antena Exterior HDTV de alta ganacia"},"content":{"rendered":"<p>La <strong data-start=\"151\" data-end=\"186\">antena exterior Link Bits HD001<\/strong> es una antena HDTV amplificada de largo alcance, capaz de captar se\u00f1ales digitales UHF y VHF con alta definici\u00f3n, ideal para televisores de nueva generaci\u00f3n. Con un rango de hasta 75 km, estructura de 12 elementos en aluminio de alta resistencia y amplificador integrado, ofrece una recepci\u00f3n clara y estable para disfrutar de tus canales de TV abierta favoritos. Su dise\u00f1o ligero y duradero facilita la instalaci\u00f3n en exteriores, garantizando se\u00f1al potente y programas con la mejor calidad de imagen y sonido.<\/p>","protected":false},"excerpt":{"rendered":"<h4><span style=\"background-color: #ffffff;\"><strong>Marca: LINK BITS\u00a0<\/strong><\/span><\/h4>\n<h4><span style=\"background-color: #003366; color: #ffffff;\"><strong>Modelo: <\/strong><strong>HD001<\/strong><\/span><\/h4>","protected":false},"featured_media":6505,"comment_status":"open","ping_status":"closed","template":"","meta":[],"product_brand":[41],"product_cat":[49],"product_tag":[42,43],"class_list":{"0":"post-5949","1":"product","2":"type-product","3":"status-publish","4":"has-post-thumbnail","6":"product_brand-link-bits","7":"product_cat-ferreteria","8":"product_tag-antena","9":"product_tag-television","11":"first","12":"instock","13":"shipping-taxable","14":"purchasable","15":"product-type-simple"},"_links":{"self":[{"href":"https:\/\/lachoppy.com\/en\/wp-json\/wp\/v2\/product\/5949","targetHints":{"allow":["GET"]}}],"collection":[{"href":"https:\/\/lachoppy.com\/en\/wp-json\/wp\/v2\/product"}],"about":[{"href":"https:\/\/lachoppy.com\/en\/wp-json\/wp\/v2\/types\/product"}],"replies":[{"embeddable":true,"href":"https:\/\/lachoppy.com\/en\/wp-json\/wp\/v2\/comments?post=5949"}],"wp:featuredmedia":[{"embeddable":true,"href":"https:\/\/lachoppy.com\/en\/wp-json\/wp\/v2\/media\/6505"}],"wp:attachment":[{"href":"https:\/\/lachoppy.com\/en\/wp-json\/wp\/v2\/media?parent=5949"}],"wp:term":[{"taxonomy":"product_brand","embeddable":true,"href":"https:\/\/lachoppy.com\/en\/wp-json\/wp\/v2\/product_brand?post=5949"},{"taxonomy":"product_cat","embeddable":true,"href":"https:\/\/lachoppy.com\/en\/wp-json\/wp\/v2\/product_cat?post=5949"},{"taxonomy":"product_tag","embeddable":true,"href":"https:\/\/lachoppy.com\/en\/wp-json\/wp\/v2\/product_tag?post=5949"}],"curies":[{"name":"wp","href":"https:\/\/api.w.org\/{rel}","templated":true}]}}