{"id":5955,"date":"2025-05-20T13:39:20","date_gmt":"2025-05-20T13:39:20","guid":{"rendered":"https:\/\/lachoppy.com\/?post_type=product&#038;p=5955"},"modified":"2025-05-20T16:26:26","modified_gmt":"2025-05-20T16:26:26","slug":"arroz-aurrera-super-extra-900-g","status":"publish","type":"product","link":"https:\/\/lachoppy.com\/en\/product\/arroz-aurrera-super-extra-900-g\/","title":{"rendered":"Arroz Aurrera super extra 900 g"},"content":{"rendered":"<table width=\"1240\">\n<tbody>\n<tr>\n<td width=\"1240\">Consiga un arroz m\u00e1s blanco, entero y esponjadito con el arroz s\u00faper extra Aurrera. Es ideal para acompa\u00f1ar cualquier tipo de preparaci\u00f3n.<br \/>\n&#8211; Ideal para acompa\u00f1ar todo tipo de platillos<br \/>\n&#8211; F\u00e1cil preparaci\u00f3n<\/td>\n<\/tr>\n<\/tbody>\n<\/table>","protected":false},"excerpt":{"rendered":"<table width=\"304\">\n<tbody>\n<tr>\n<td width=\"304\">Un b\u00e1sico en tu despensa<br \/>\nIdeal para preparar de diversas maneras<br \/>\nAcompa\u00f1ante perfecto para tus guisados<\/td>\n<\/tr>\n<\/tbody>\n<\/table>","protected":false},"featured_media":5956,"comment_status":"open","ping_status":"closed","template":"","meta":[],"product_brand":[44],"product_cat":[18],"product_tag":[45,46],"class_list":{"0":"post-5955","1":"product","2":"type-product","3":"status-publish","4":"has-post-thumbnail","6":"product_brand-aurrera","7":"product_cat-alimentos","8":"product_tag-arroz","9":"product_tag-grano","11":"first","12":"outofstock","13":"shipping-taxable","14":"purchasable","15":"product-type-simple"},"_links":{"self":[{"href":"https:\/\/lachoppy.com\/en\/wp-json\/wp\/v2\/product\/5955","targetHints":{"allow":["GET"]}}],"collection":[{"href":"https:\/\/lachoppy.com\/en\/wp-json\/wp\/v2\/product"}],"about":[{"href":"https:\/\/lachoppy.com\/en\/wp-json\/wp\/v2\/types\/product"}],"replies":[{"embeddable":true,"href":"https:\/\/lachoppy.com\/en\/wp-json\/wp\/v2\/comments?post=5955"}],"wp:featuredmedia":[{"embeddable":true,"href":"https:\/\/lachoppy.com\/en\/wp-json\/wp\/v2\/media\/5956"}],"wp:attachment":[{"href":"https:\/\/lachoppy.com\/en\/wp-json\/wp\/v2\/media?parent=5955"}],"wp:term":[{"taxonomy":"product_brand","embeddable":true,"href":"https:\/\/lachoppy.com\/en\/wp-json\/wp\/v2\/product_brand?post=5955"},{"taxonomy":"product_cat","embeddable":true,"href":"https:\/\/lachoppy.com\/en\/wp-json\/wp\/v2\/product_cat?post=5955"},{"taxonomy":"product_tag","embeddable":true,"href":"https:\/\/lachoppy.com\/en\/wp-json\/wp\/v2\/product_tag?post=5955"}],"curies":[{"name":"wp","href":"https:\/\/api.w.org\/{rel}","templated":true}]}}