{"id":6355,"date":"2025-08-04T18:01:28","date_gmt":"2025-08-04T18:01:28","guid":{"rendered":"https:\/\/lachoppy.com\/?post_type=product&#038;p=6355"},"modified":"2025-08-19T15:11:13","modified_gmt":"2025-08-19T15:11:13","slug":"ventilador-de-pie-16-pulg","status":"publish","type":"product","link":"https:\/\/lachoppy.com\/en\/product\/ventilador-de-pie-16-pulg\/","title":{"rendered":"Ventilador de Pie 16 pulg"},"content":{"rendered":"<p><strong data-start=\"69\" data-end=\"106\">Ventilador de pie SOKANY SK-19050<\/strong>, equipado con 5 aspas de alto rendimiento que garantizan un flujo de aire potente y uniforme. Cuenta con altura ajustable para adaptarse a cualquier espacio, base antideslizante para mayor estabilidad y 3 velocidades que permiten regular la ventilaci\u00f3n seg\u00fan tus necesidades. Perfecto para mantener tu hogar u oficina frescos y c\u00f3modos durante todo el a\u00f1o.<\/p>","protected":false},"excerpt":{"rendered":"<p><span style=\"background-color: #ffffff;\"><strong>Marca: SOKANY \/ <\/strong><\/span><span style=\"background-color: #333399;\"><strong><span style=\"color: #ffffff;\">Modelo: SK-19050<\/span><\/strong><\/span><\/p>\n<ul>\n<li>Voltaje: 110 V<\/li>\n<li>Potencia m\u00e1xima: 50 W<\/li>\n<li style=\"text-align: left;\">Velocidades: 3<\/li>\n<li>Altura ajustable.<\/li>\n<\/ul>","protected":false},"featured_media":6578,"comment_status":"open","ping_status":"closed","template":"","meta":[],"product_brand":[],"product_cat":[48],"product_tag":[61],"class_list":{"0":"post-6355","1":"product","2":"type-product","3":"status-publish","4":"has-post-thumbnail","6":"product_cat-electrodomesticos","7":"product_tag-ventilador","9":"first","10":"instock","11":"sale","12":"shipping-taxable","13":"purchasable","14":"product-type-simple"},"_links":{"self":[{"href":"https:\/\/lachoppy.com\/en\/wp-json\/wp\/v2\/product\/6355","targetHints":{"allow":["GET"]}}],"collection":[{"href":"https:\/\/lachoppy.com\/en\/wp-json\/wp\/v2\/product"}],"about":[{"href":"https:\/\/lachoppy.com\/en\/wp-json\/wp\/v2\/types\/product"}],"replies":[{"embeddable":true,"href":"https:\/\/lachoppy.com\/en\/wp-json\/wp\/v2\/comments?post=6355"}],"wp:featuredmedia":[{"embeddable":true,"href":"https:\/\/lachoppy.com\/en\/wp-json\/wp\/v2\/media\/6578"}],"wp:attachment":[{"href":"https:\/\/lachoppy.com\/en\/wp-json\/wp\/v2\/media?parent=6355"}],"wp:term":[{"taxonomy":"product_brand","embeddable":true,"href":"https:\/\/lachoppy.com\/en\/wp-json\/wp\/v2\/product_brand?post=6355"},{"taxonomy":"product_cat","embeddable":true,"href":"https:\/\/lachoppy.com\/en\/wp-json\/wp\/v2\/product_cat?post=6355"},{"taxonomy":"product_tag","embeddable":true,"href":"https:\/\/lachoppy.com\/en\/wp-json\/wp\/v2\/product_tag?post=6355"}],"curies":[{"name":"wp","href":"https:\/\/api.w.org\/{rel}","templated":true}]}}