{"id":6359,"date":"2025-08-09T11:17:57","date_gmt":"2025-08-09T11:17:57","guid":{"rendered":"https:\/\/lachoppy.com\/?post_type=product&#038;p=6359"},"modified":"2025-08-19T14:55:33","modified_gmt":"2025-08-19T14:55:33","slug":"olla-a-presion-electrica-6-0-lt","status":"publish","type":"product","link":"https:\/\/lachoppy.com\/en\/product\/olla-a-presion-electrica-6-0-lt\/","title":{"rendered":"Olla Reina a Presi\u00f3n El\u00e9ctrica 6.0 Lt"},"content":{"rendered":"<p>La <strong>Olla Reina a presi\u00f3n el\u00e9ctrica SOKANY SK-2401<\/strong> de 6 litros es el electrodom\u00e9stico ideal para quienes buscan rapidez, seguridad y versatilidad. Con m\u00faltiples programas de cocci\u00f3n, podr\u00e1s preparar guisos, sopas, carnes y vegetales conservando todo su sabor y valor nutritivo. Su dise\u00f1o moderno y eficiente se adapta a cualquier cocina, ahorrando tiempo y energ\u00eda en cada preparaci\u00f3n.<\/p>","protected":false},"excerpt":{"rendered":"<p><span style=\"color: #282828;\"><strong>Marca: SOKANY \/ <\/strong><\/span><span style=\"background-color: #333399;\"><strong><span style=\"color: #ffffff;\">Modelo: SK-2401<\/span><\/strong><\/span><\/p>\n<ul>\n<li>Voltaje: 110 V<\/li>\n<li>Potencia m\u00e1xima: 1000 W<\/li>\n<li style=\"text-align: left;\">Capacidad: 6 lt<\/li>\n<li>Varias funciones programadas.<\/li>\n<\/ul>","protected":false},"featured_media":6388,"comment_status":"open","ping_status":"closed","template":"","meta":[],"product_brand":[],"product_cat":[48],"product_tag":[],"class_list":{"0":"post-6359","1":"product","2":"type-product","3":"status-publish","4":"has-post-thumbnail","6":"product_cat-electrodomesticos","8":"first","9":"instock","10":"sale","11":"shipping-taxable","12":"purchasable","13":"product-type-simple"},"_links":{"self":[{"href":"https:\/\/lachoppy.com\/en\/wp-json\/wp\/v2\/product\/6359","targetHints":{"allow":["GET"]}}],"collection":[{"href":"https:\/\/lachoppy.com\/en\/wp-json\/wp\/v2\/product"}],"about":[{"href":"https:\/\/lachoppy.com\/en\/wp-json\/wp\/v2\/types\/product"}],"replies":[{"embeddable":true,"href":"https:\/\/lachoppy.com\/en\/wp-json\/wp\/v2\/comments?post=6359"}],"wp:featuredmedia":[{"embeddable":true,"href":"https:\/\/lachoppy.com\/en\/wp-json\/wp\/v2\/media\/6388"}],"wp:attachment":[{"href":"https:\/\/lachoppy.com\/en\/wp-json\/wp\/v2\/media?parent=6359"}],"wp:term":[{"taxonomy":"product_brand","embeddable":true,"href":"https:\/\/lachoppy.com\/en\/wp-json\/wp\/v2\/product_brand?post=6359"},{"taxonomy":"product_cat","embeddable":true,"href":"https:\/\/lachoppy.com\/en\/wp-json\/wp\/v2\/product_cat?post=6359"},{"taxonomy":"product_tag","embeddable":true,"href":"https:\/\/lachoppy.com\/en\/wp-json\/wp\/v2\/product_tag?post=6359"}],"curies":[{"name":"wp","href":"https:\/\/api.w.org\/{rel}","templated":true}]}}