{"id":6363,"date":"2025-08-05T00:56:46","date_gmt":"2025-08-05T00:56:46","guid":{"rendered":"https:\/\/lachoppy.com\/?post_type=product&#038;p=6363"},"modified":"2025-08-19T14:43:54","modified_gmt":"2025-08-19T14:43:54","slug":"sarten-electrico","status":"publish","type":"product","link":"https:\/\/lachoppy.com\/en\/product\/sarten-electrico\/","title":{"rendered":"Sart\u00e9n El\u00e9ctrico Multiusos"},"content":{"rendered":"<p>El <strong data-start=\"89\" data-end=\"107\">SOKANY SK-2005<\/strong> es un <strong data-start=\"114\" data-end=\"143\">sart\u00e9n el\u00e9ctrico multiuso<\/strong> ideal para cocinar, fre\u00edr, asar y guisar de forma r\u00e1pida, segura y c\u00f3moda. Con un dise\u00f1o compacto, eficiente y f\u00e1cil de limpiar, es perfecto para el uso dom\u00e9stico diario, ofreciendo versatilidad y practicidad en cualquier cocina moderna.<\/p>","protected":false},"excerpt":{"rendered":"<p><span style=\"background-color: #ffffff;\"><strong>Marca: SOKANY \/ <\/strong><\/span><span style=\"background-color: #333399;\"><strong><span style=\"color: #ffffff;\">Modelo: SK-2005<\/span><\/strong><\/span><\/p>\n<ul>\n<li>Voltaje: 110 V<\/li>\n<li>Potencia m\u00e1xima: 1500 W<\/li>\n<li style=\"text-align: left;\">Capacidad: 2 lt<\/li>\n<li>Control de temperatura multifase.<\/li>\n<\/ul>","protected":false},"featured_media":6394,"comment_status":"open","ping_status":"closed","template":"","meta":[],"product_brand":[],"product_cat":[48],"product_tag":[],"class_list":{"0":"post-6363","1":"product","2":"type-product","3":"status-publish","4":"has-post-thumbnail","6":"product_cat-electrodomesticos","8":"first","9":"instock","10":"sale","11":"shipping-taxable","12":"purchasable","13":"product-type-simple"},"_links":{"self":[{"href":"https:\/\/lachoppy.com\/en\/wp-json\/wp\/v2\/product\/6363","targetHints":{"allow":["GET"]}}],"collection":[{"href":"https:\/\/lachoppy.com\/en\/wp-json\/wp\/v2\/product"}],"about":[{"href":"https:\/\/lachoppy.com\/en\/wp-json\/wp\/v2\/types\/product"}],"replies":[{"embeddable":true,"href":"https:\/\/lachoppy.com\/en\/wp-json\/wp\/v2\/comments?post=6363"}],"wp:featuredmedia":[{"embeddable":true,"href":"https:\/\/lachoppy.com\/en\/wp-json\/wp\/v2\/media\/6394"}],"wp:attachment":[{"href":"https:\/\/lachoppy.com\/en\/wp-json\/wp\/v2\/media?parent=6363"}],"wp:term":[{"taxonomy":"product_brand","embeddable":true,"href":"https:\/\/lachoppy.com\/en\/wp-json\/wp\/v2\/product_brand?post=6363"},{"taxonomy":"product_cat","embeddable":true,"href":"https:\/\/lachoppy.com\/en\/wp-json\/wp\/v2\/product_cat?post=6363"},{"taxonomy":"product_tag","embeddable":true,"href":"https:\/\/lachoppy.com\/en\/wp-json\/wp\/v2\/product_tag?post=6363"}],"curies":[{"name":"wp","href":"https:\/\/api.w.org\/{rel}","templated":true}]}}