{"id":6398,"date":"2025-08-09T12:09:15","date_gmt":"2025-08-09T12:09:15","guid":{"rendered":"https:\/\/lachoppy.com\/?post_type=product&#038;p=6398"},"modified":"2025-08-19T15:02:37","modified_gmt":"2025-08-19T15:02:37","slug":"batidora-multipropositos","status":"publish","type":"product","link":"https:\/\/lachoppy.com\/en\/product\/batidora-multipropositos\/","title":{"rendered":"Batidora Multiprop\u00f3sitos 2.5 Litros"},"content":{"rendered":"<p><strong data-start=\"109\" data-end=\"208\">Batidora profesional SOKANY SK-666<\/strong> con jarra de 2.5 litros y triturador \u2013 Alta potencia y m\u00faltiples funciones. Esta batidora multiprop\u00f3sito combina dise\u00f1o profesional con alto rendimiento. Incluye jarra de gran capacidad y accesorio triturador, ideal para licuar, triturar y preparar batidos, sopas y salsas con resultados perfectos. Potencia, versatilidad y durabilidad en un solo equipo para tu cocina.<\/p>","protected":false},"excerpt":{"rendered":"<p><span style=\"color: #282828;\"><strong>Marca: SOKANY \/ <\/strong><\/span><span style=\"color: #ffffff; background-color: #333399;\"><strong>Modelo: SK 666<\/strong><\/span><\/p>\n<ul>\n<li>Voltaje: 110 V<\/li>\n<li>Potencia m\u00e1xima: 5000 W<\/li>\n<li style=\"text-align: left;\">Capacidad del vaso: 2.5 lt<\/li>\n<li>Bate, tritura, mezcla y pica.<\/li>\n<\/ul>","protected":false},"featured_media":6400,"comment_status":"open","ping_status":"closed","template":"","meta":[],"product_brand":[],"product_cat":[48],"product_tag":[],"class_list":{"0":"post-6398","1":"product","2":"type-product","3":"status-publish","4":"has-post-thumbnail","6":"product_cat-electrodomesticos","8":"first","9":"instock","10":"sale","11":"shipping-taxable","12":"purchasable","13":"product-type-simple"},"_links":{"self":[{"href":"https:\/\/lachoppy.com\/en\/wp-json\/wp\/v2\/product\/6398","targetHints":{"allow":["GET"]}}],"collection":[{"href":"https:\/\/lachoppy.com\/en\/wp-json\/wp\/v2\/product"}],"about":[{"href":"https:\/\/lachoppy.com\/en\/wp-json\/wp\/v2\/types\/product"}],"replies":[{"embeddable":true,"href":"https:\/\/lachoppy.com\/en\/wp-json\/wp\/v2\/comments?post=6398"}],"wp:featuredmedia":[{"embeddable":true,"href":"https:\/\/lachoppy.com\/en\/wp-json\/wp\/v2\/media\/6400"}],"wp:attachment":[{"href":"https:\/\/lachoppy.com\/en\/wp-json\/wp\/v2\/media?parent=6398"}],"wp:term":[{"taxonomy":"product_brand","embeddable":true,"href":"https:\/\/lachoppy.com\/en\/wp-json\/wp\/v2\/product_brand?post=6398"},{"taxonomy":"product_cat","embeddable":true,"href":"https:\/\/lachoppy.com\/en\/wp-json\/wp\/v2\/product_cat?post=6398"},{"taxonomy":"product_tag","embeddable":true,"href":"https:\/\/lachoppy.com\/en\/wp-json\/wp\/v2\/product_tag?post=6398"}],"curies":[{"name":"wp","href":"https:\/\/api.w.org\/{rel}","templated":true}]}}