{"id":6403,"date":"2025-08-09T12:23:40","date_gmt":"2025-08-09T12:23:40","guid":{"rendered":"https:\/\/lachoppy.com\/?post_type=product&#038;p=6403"},"modified":"2025-08-19T14:35:47","modified_gmt":"2025-08-19T14:35:47","slug":"freidora-de-air-manual-de-7-lt","status":"publish","type":"product","link":"https:\/\/lachoppy.com\/en\/product\/freidora-de-air-manual-de-7-lt\/","title":{"rendered":"Freidora de Aire Anal\u00f3gica de 7.0 Lt"},"content":{"rendered":"<p>La<strong data-start=\"102\" data-end=\"208\"> Freidora de aire SOKANY SK-10053 <\/strong>es una freidora de aire de alta capacidad de 7.0 litros, ideal para preparar comidas saludables sin necesidad del uso de aceite. Equipada con controles manuales anal\u00f3gicos f\u00e1ciles de usar, ofrece eficiencia, rapidez y un dise\u00f1o moderno para el uso dom\u00e9stico diario.<\/p>","protected":false},"excerpt":{"rendered":"<p><span style=\"background-color: #ffffff; font-size: 100%;\"><strong>Marca: SOKANY \/ <\/strong><\/span><span style=\"font-size: 100%; background-color: #333399;\"><strong><span style=\"color: #ffffff;\">Modelo: SK-10053<\/span><\/strong><\/span><\/p>\n<ul>\n<li>Voltaje: 110 V<\/li>\n<li>Potencia m\u00e1xima: 1700 W<\/li>\n<li style=\"text-align: left;\">Capacidad: 7 lt<\/li>\n<li>Control manual de funciones por perillas giratorias.<\/li>\n<\/ul>","protected":false},"featured_media":6405,"comment_status":"open","ping_status":"closed","template":"","meta":[],"product_brand":[],"product_cat":[48],"product_tag":[],"class_list":{"0":"post-6403","1":"product","2":"type-product","3":"status-publish","4":"has-post-thumbnail","6":"product_cat-electrodomesticos","8":"first","9":"instock","10":"shipping-taxable","11":"purchasable","12":"product-type-simple"},"_links":{"self":[{"href":"https:\/\/lachoppy.com\/en\/wp-json\/wp\/v2\/product\/6403","targetHints":{"allow":["GET"]}}],"collection":[{"href":"https:\/\/lachoppy.com\/en\/wp-json\/wp\/v2\/product"}],"about":[{"href":"https:\/\/lachoppy.com\/en\/wp-json\/wp\/v2\/types\/product"}],"replies":[{"embeddable":true,"href":"https:\/\/lachoppy.com\/en\/wp-json\/wp\/v2\/comments?post=6403"}],"wp:featuredmedia":[{"embeddable":true,"href":"https:\/\/lachoppy.com\/en\/wp-json\/wp\/v2\/media\/6405"}],"wp:attachment":[{"href":"https:\/\/lachoppy.com\/en\/wp-json\/wp\/v2\/media?parent=6403"}],"wp:term":[{"taxonomy":"product_brand","embeddable":true,"href":"https:\/\/lachoppy.com\/en\/wp-json\/wp\/v2\/product_brand?post=6403"},{"taxonomy":"product_cat","embeddable":true,"href":"https:\/\/lachoppy.com\/en\/wp-json\/wp\/v2\/product_cat?post=6403"},{"taxonomy":"product_tag","embeddable":true,"href":"https:\/\/lachoppy.com\/en\/wp-json\/wp\/v2\/product_tag?post=6403"}],"curies":[{"name":"wp","href":"https:\/\/api.w.org\/{rel}","templated":true}]}}