{"id":6406,"date":"2025-08-09T12:31:49","date_gmt":"2025-08-09T12:31:49","guid":{"rendered":"https:\/\/lachoppy.com\/?post_type=product&#038;p=6406"},"modified":"2025-08-19T14:31:18","modified_gmt":"2025-08-19T14:31:18","slug":"freidora-de-aire-de-7-0-lt-digital","status":"publish","type":"product","link":"https:\/\/lachoppy.com\/en\/product\/freidora-de-aire-de-7-0-lt-digital\/","title":{"rendered":"Freidora de Aire de 7.0 Litros Digital"},"content":{"rendered":"<p>La <strong data-start=\"3\" data-end=\"39\">freidora de aire SOKANY SK-10031<\/strong> de 7.0 litros y 1700 W de potencia cuenta con controles digitales intuitivos y tecnolog\u00eda de circulaci\u00f3n de aire caliente, ideales para preparar comidas crujientes, saludables y bajas en grasa con poco o nada de aceite, garantizando una cocci\u00f3n r\u00e1pida y eficiente; perfecta para fre\u00edr, asar, hornear y recalentar en cualquier cocina moderna.<\/p>","protected":false},"excerpt":{"rendered":"<p><span style=\"background-color: #ffffff;\"><strong>Marca: SOKANY \/ <\/strong><\/span><span style=\"background-color: #333399;\"><strong><span style=\"color: #ffffff;\">Modelo: SK-19031<\/span><\/strong><\/span><\/p>\n<ul>\n<li>Voltaje: 110 V<\/li>\n<li>Potencia m\u00e1xima: 1700 W<\/li>\n<li style=\"text-align: left;\">Capacidad: 7 lt<\/li>\n<li>Varias funciones programadas.<\/li>\n<\/ul>","protected":false},"featured_media":6425,"comment_status":"open","ping_status":"closed","template":"","meta":[],"product_brand":[],"product_cat":[48],"product_tag":[],"class_list":{"0":"post-6406","1":"product","2":"type-product","3":"status-publish","4":"has-post-thumbnail","6":"product_cat-electrodomesticos","8":"first","9":"instock","10":"shipping-taxable","11":"purchasable","12":"product-type-simple"},"_links":{"self":[{"href":"https:\/\/lachoppy.com\/en\/wp-json\/wp\/v2\/product\/6406","targetHints":{"allow":["GET"]}}],"collection":[{"href":"https:\/\/lachoppy.com\/en\/wp-json\/wp\/v2\/product"}],"about":[{"href":"https:\/\/lachoppy.com\/en\/wp-json\/wp\/v2\/types\/product"}],"replies":[{"embeddable":true,"href":"https:\/\/lachoppy.com\/en\/wp-json\/wp\/v2\/comments?post=6406"}],"wp:featuredmedia":[{"embeddable":true,"href":"https:\/\/lachoppy.com\/en\/wp-json\/wp\/v2\/media\/6425"}],"wp:attachment":[{"href":"https:\/\/lachoppy.com\/en\/wp-json\/wp\/v2\/media?parent=6406"}],"wp:term":[{"taxonomy":"product_brand","embeddable":true,"href":"https:\/\/lachoppy.com\/en\/wp-json\/wp\/v2\/product_brand?post=6406"},{"taxonomy":"product_cat","embeddable":true,"href":"https:\/\/lachoppy.com\/en\/wp-json\/wp\/v2\/product_cat?post=6406"},{"taxonomy":"product_tag","embeddable":true,"href":"https:\/\/lachoppy.com\/en\/wp-json\/wp\/v2\/product_tag?post=6406"}],"curies":[{"name":"wp","href":"https:\/\/api.w.org\/{rel}","templated":true}]}}