{"id":6409,"date":"2025-08-09T12:43:40","date_gmt":"2025-08-09T12:43:40","guid":{"rendered":"https:\/\/lachoppy.com\/?post_type=product&#038;p=6409"},"modified":"2025-08-19T02:59:10","modified_gmt":"2025-08-19T02:59:10","slug":"cocina-infraroja","status":"publish","type":"product","link":"https:\/\/lachoppy.com\/en\/product\/cocina-infraroja\/","title":{"rendered":"Cocina Infraroja"},"content":{"rendered":"<p>La <strong data-start=\"78\" data-end=\"122\">cocina el\u00e9ctrica digital SOKANY SK-07073<\/strong> de 3500 W est\u00e1 equipada con superficie de vitrocer\u00e1mica resistente y control digital de temperatura de alta precisi\u00f3n, ofreciendo una cocci\u00f3n r\u00e1pida, uniforme y eficiente. Ideal para el uso dom\u00e9stico diario, permite preparar una amplia variedad de recetas con mayor seguridad, comodidad y un dise\u00f1o moderno que se adapta perfectamente a cualquier cocina.<\/p>","protected":false},"excerpt":{"rendered":"<p><strong>Marca: SOKANY \/ <\/strong><span style=\"background-color: #333399; color: #ffffff;\"><strong>Modelo: SK-07073<\/strong><\/span><\/p>\n<ul>\n<li>Voltaje: 110 V<\/li>\n<li>Potencia m\u00e1xima: 3500 W<\/li>\n<li style=\"text-align: left;\">Temperatura m\u00e1xima: 300\u00b0C<\/li>\n<li>Funciones programadas.<\/li>\n<\/ul>","protected":false},"featured_media":6411,"comment_status":"open","ping_status":"closed","template":"","meta":[],"product_brand":[],"product_cat":[48],"product_tag":[],"class_list":{"0":"post-6409","1":"product","2":"type-product","3":"status-publish","4":"has-post-thumbnail","6":"product_cat-electrodomesticos","8":"first","9":"instock","10":"shipping-taxable","11":"purchasable","12":"product-type-simple"},"_links":{"self":[{"href":"https:\/\/lachoppy.com\/en\/wp-json\/wp\/v2\/product\/6409","targetHints":{"allow":["GET"]}}],"collection":[{"href":"https:\/\/lachoppy.com\/en\/wp-json\/wp\/v2\/product"}],"about":[{"href":"https:\/\/lachoppy.com\/en\/wp-json\/wp\/v2\/types\/product"}],"replies":[{"embeddable":true,"href":"https:\/\/lachoppy.com\/en\/wp-json\/wp\/v2\/comments?post=6409"}],"wp:featuredmedia":[{"embeddable":true,"href":"https:\/\/lachoppy.com\/en\/wp-json\/wp\/v2\/media\/6411"}],"wp:attachment":[{"href":"https:\/\/lachoppy.com\/en\/wp-json\/wp\/v2\/media?parent=6409"}],"wp:term":[{"taxonomy":"product_brand","embeddable":true,"href":"https:\/\/lachoppy.com\/en\/wp-json\/wp\/v2\/product_brand?post=6409"},{"taxonomy":"product_cat","embeddable":true,"href":"https:\/\/lachoppy.com\/en\/wp-json\/wp\/v2\/product_cat?post=6409"},{"taxonomy":"product_tag","embeddable":true,"href":"https:\/\/lachoppy.com\/en\/wp-json\/wp\/v2\/product_tag?post=6409"}],"curies":[{"name":"wp","href":"https:\/\/api.w.org\/{rel}","templated":true}]}}