{"id":6465,"date":"2025-08-10T02:11:17","date_gmt":"2025-08-10T02:11:17","guid":{"rendered":"https:\/\/lachoppy.com\/?post_type=product&#038;p=6465"},"modified":"2025-08-19T02:29:06","modified_gmt":"2025-08-19T02:29:06","slug":"cepillo-alisador-de-pelo","status":"publish","type":"product","link":"https:\/\/lachoppy.com\/en\/product\/cepillo-alisador-de-pelo\/","title":{"rendered":"Cepillo Alisador de Pelo"},"content":{"rendered":"<p>El <strong data-start=\"117\" data-end=\"161\">cepillo alisador de pelo SOKANY SK-15008<\/strong> combina calentamiento r\u00e1pido y placas de cer\u00e1mica para alisar el cabello de forma uniforme, reduciendo el frizz y aportando brillo. Con control de temperatura ajustable, dise\u00f1o ergon\u00f3mico y uso f\u00e1cil, es ideal para lograr peinados suaves y con acabado profesional en casa o en el sal\u00f3n.<\/p>","protected":false},"excerpt":{"rendered":"<h4><strong>Marca: SOKANY<\/strong> \/ <span style=\"background-color: #333399; color: #ffffff;\"><strong>Modelo: SK-15008<\/strong><\/span><\/h4>\n<ul>\n<li>Voltaje: 110 V<\/li>\n<li>Potencia m\u00e1xima: 60 W<\/li>\n<li style=\"text-align: left;\">Temperatura m\u00e1xima: 230\u00b0C<\/li>\n<\/ul>","protected":false},"featured_media":6468,"comment_status":"open","ping_status":"closed","template":"","meta":[],"product_brand":[],"product_cat":[48],"product_tag":[],"class_list":{"0":"post-6465","1":"product","2":"type-product","3":"status-publish","4":"has-post-thumbnail","6":"product_cat-electrodomesticos","8":"first","9":"instock","10":"shipping-taxable","11":"purchasable","12":"product-type-simple"},"_links":{"self":[{"href":"https:\/\/lachoppy.com\/en\/wp-json\/wp\/v2\/product\/6465","targetHints":{"allow":["GET"]}}],"collection":[{"href":"https:\/\/lachoppy.com\/en\/wp-json\/wp\/v2\/product"}],"about":[{"href":"https:\/\/lachoppy.com\/en\/wp-json\/wp\/v2\/types\/product"}],"replies":[{"embeddable":true,"href":"https:\/\/lachoppy.com\/en\/wp-json\/wp\/v2\/comments?post=6465"}],"wp:featuredmedia":[{"embeddable":true,"href":"https:\/\/lachoppy.com\/en\/wp-json\/wp\/v2\/media\/6468"}],"wp:attachment":[{"href":"https:\/\/lachoppy.com\/en\/wp-json\/wp\/v2\/media?parent=6465"}],"wp:term":[{"taxonomy":"product_brand","embeddable":true,"href":"https:\/\/lachoppy.com\/en\/wp-json\/wp\/v2\/product_brand?post=6465"},{"taxonomy":"product_cat","embeddable":true,"href":"https:\/\/lachoppy.com\/en\/wp-json\/wp\/v2\/product_cat?post=6465"},{"taxonomy":"product_tag","embeddable":true,"href":"https:\/\/lachoppy.com\/en\/wp-json\/wp\/v2\/product_tag?post=6465"}],"curies":[{"name":"wp","href":"https:\/\/api.w.org\/{rel}","templated":true}]}}