{"id":6477,"date":"2025-08-10T03:27:06","date_gmt":"2025-08-10T03:27:06","guid":{"rendered":"https:\/\/lachoppy.com\/?post_type=product&#038;p=6477"},"modified":"2025-08-19T02:21:48","modified_gmt":"2025-08-19T02:21:48","slug":"batidora-de-mano-4-en-1","status":"publish","type":"product","link":"https:\/\/lachoppy.com\/en\/product\/batidora-de-mano-4-en-1\/","title":{"rendered":"Batidora de Mano 4 en 1"},"content":{"rendered":"<p>El <strong data-start=\"73\" data-end=\"109\">batidor de mano SOKANY WK-1710-4<\/strong> combina <strong data-start=\"118\" data-end=\"164\">potencia, versatilidad y dise\u00f1o ergon\u00f3mico<\/strong> para facilitar la preparaci\u00f3n de una amplia variedad de recetas. Equipado con <strong data-start=\"243\" data-end=\"273\">accesorios intercambiables<\/strong> como vaso medidor, picador y batidor, permite batir, mezclar, triturar y procesar alimentos de forma r\u00e1pida y eficiente. Su motor de alto rendimiento garantiza resultados homog\u00e9neos, ideal para preparar batidos, salsas, cremas, pur\u00e9s y masas ligeras en la cocina dom\u00e9stica, aportando comodidad y practicidad al d\u00eda a d\u00eda.<\/p>","protected":false},"excerpt":{"rendered":"<h4><span style=\"background-color: #ffffff;\"><strong>Marca: SOKANY \/ <\/strong><\/span><span style=\"background-color: #333399;\"><strong><span style=\"color: #ffffff;\">Modelo: WK\u20111710\u20114<\/span><\/strong><\/span><\/h4>\n<ul>\n<li>Voltaje: 110 V<\/li>\n<li>Potencia: 500 W<\/li>\n<li style=\"text-align: left;\">Capacidad del vaso: 0.5 lt<\/li>\n<li>Bate, tritura, mezcla y pica.<\/li>\n<\/ul>\n<p>&nbsp;<\/p>","protected":false},"featured_media":6480,"comment_status":"open","ping_status":"closed","template":"","meta":[],"product_brand":[],"product_cat":[48],"product_tag":[],"class_list":{"0":"post-6477","1":"product","2":"type-product","3":"status-publish","4":"has-post-thumbnail","6":"product_cat-electrodomesticos","8":"first","9":"instock","10":"shipping-taxable","11":"purchasable","12":"product-type-simple"},"_links":{"self":[{"href":"https:\/\/lachoppy.com\/en\/wp-json\/wp\/v2\/product\/6477","targetHints":{"allow":["GET"]}}],"collection":[{"href":"https:\/\/lachoppy.com\/en\/wp-json\/wp\/v2\/product"}],"about":[{"href":"https:\/\/lachoppy.com\/en\/wp-json\/wp\/v2\/types\/product"}],"replies":[{"embeddable":true,"href":"https:\/\/lachoppy.com\/en\/wp-json\/wp\/v2\/comments?post=6477"}],"wp:featuredmedia":[{"embeddable":true,"href":"https:\/\/lachoppy.com\/en\/wp-json\/wp\/v2\/media\/6480"}],"wp:attachment":[{"href":"https:\/\/lachoppy.com\/en\/wp-json\/wp\/v2\/media?parent=6477"}],"wp:term":[{"taxonomy":"product_brand","embeddable":true,"href":"https:\/\/lachoppy.com\/en\/wp-json\/wp\/v2\/product_brand?post=6477"},{"taxonomy":"product_cat","embeddable":true,"href":"https:\/\/lachoppy.com\/en\/wp-json\/wp\/v2\/product_cat?post=6477"},{"taxonomy":"product_tag","embeddable":true,"href":"https:\/\/lachoppy.com\/en\/wp-json\/wp\/v2\/product_tag?post=6477"}],"curies":[{"name":"wp","href":"https:\/\/api.w.org\/{rel}","templated":true}]}}